{"id":6403,"date":"2022-12-08T11:38:52","date_gmt":"2022-12-08T10:38:52","guid":{"rendered":"http:\/\/www.maix-analytics.de\/?page_id=6403"},"modified":"2022-12-08T11:38:52","modified_gmt":"2022-12-08T10:38:52","slug":"banks-savings-banks-building-societies","status":"publish","type":"page","link":"https:\/\/www.maix-analytics.de\/en\/banks-savings-banks-building-societies\/","title":{"rendered":"Banks, Savings Banks, Building Societies"},"content":{"rendered":"<div class=\"cspt-ihbox-btn\"><a href=\"\/en\/cases\/\"><span>&#8592; Back to references<\/span><\/a><\/div>\n<p>&nbsp;<\/p>\n<ul>\n<li><span class=\"listitem\">Aachener Bausparkasse AG<\/span><\/li>\n<li><span class=\"listitem\">Barclaycard<\/span><\/li>\n<li><span class=\"listitem\">Deutsche Bausparkasse Badenia AG<\/span><\/li>\n<li><span class=\"listitem\">Deutscher Sparkassenverlag<\/span><\/li>\n<li><span class=\"listitem\">Frankfurter Sparkasse<\/span><\/li>\n<li><span class=\"listitem\">Kreissparkasse Ahrweiler<\/span><\/li>\n<li><span class=\"listitem\">Kreissparkasse Birkenfeld<\/span><\/li>\n<li><span class=\"listitem\">Kreissparkasse Heinsberg<\/span><\/li>\n<li><span class=\"listitem\">Kreissparkasse K\u00f6ln<\/span><\/li>\n<li><span class=\"listitem\">Kreissparkasse Ostalb<\/span><\/li>\n<li><span class=\"listitem\">Kreissparkasse Rhein-Hunsr\u00fcck<\/span><\/li>\n<li><span class=\"listitem\">Kreissparkasse St. Wendel<\/span><\/li>\n<li><span class=\"listitem\">Kreissparkasse Vulkaneifel<\/span><\/li>\n<li><span class=\"listitem\">Nassauische Sparkasse<\/span><\/li>\n<li><span class=\"listitem\">Niederrheinische Sparkasse RheinLippe<\/span><\/li>\n<li><span class=\"listitem\">Osts\u00e4chsische Sparkasse Dresden<\/span><\/li>\n<li><span class=\"listitem\">Royal Bank of Scotland<\/span><\/li>\n<li><span class=\"listitem\">Santander Bank<\/span><\/li>\n<li><span class=\"listitem\">Sparkasse Aachen<\/span><\/li>\n<li><span class=\"listitem\">Sparkasse am Niederrhein<\/span><\/li>\n<li><span class=\"listitem\">Sparkasse Bad Oeynhausen Porta Westfalica<\/span><\/li>\n<li><span class=\"listitem\">Sparkasse Bielefeld<\/span><\/li>\n<li><span class=\"listitem\">Sparkasse der Homburgischen Gemeinden<\/span><\/li>\n<li><span class=\"listitem\">Sparkasse Dortmund<\/span><\/li>\n<li><span class=\"listitem\">Sparkasse D\u00fcren<\/span><\/li>\n<li><span class=\"listitem\">Sparkasse Essen<\/span><\/li>\n<li><span class=\"listitem\">Sparkasse Gevelsberg-Wetter<\/span><\/li>\n<li><span class=\"listitem\">Sparkasse Gummersbach-Bergneustadt<\/span><\/li>\n<li><span class=\"listitem\">Sparkasse Hegau-Bodensee<\/span><\/li>\n<li><span class=\"listitem\">Sparkasse K\u00f6lnBonn<\/span><\/li>\n<li><span class=\"listitem\">Sparkasse Kraichgau<\/span><\/li>\n<li><span class=\"listitem\">Sparkasse Krefeld<\/span><\/li>\n<li><span class=\"listitem\">Sparkasse Merzig-Wadern<\/span><\/li>\n<li><span class=\"listitem\">Sparkasse Minden-L\u00fcbbecke<\/span><\/li>\n<li><span class=\"listitem\">Sparkasse Mittelmosel Eifel Mosel Hunsr\u00fcck<\/span><\/li>\n<li><span class=\"listitem\">Sparkasse M\u00fclheim an der Ruhr<\/span><\/li>\n<li><span class=\"listitem\">Sparkasse M\u00fcnsterland Ost<\/span><\/li>\n<li><span class=\"listitem\">Sparkasse Neunkirchen<\/span><\/li>\n<li><span class=\"listitem\">Sparkasse Neuss<\/span><\/li>\n<li><span class=\"listitem\">Sparkasse Ostprignitz-Ruppin<\/span><\/li>\n<li><span class=\"listitem\">Sparkasse Rhein-Haardt<\/span><\/li>\n<li><span class=\"listitem\">Sparkasse Saarbr\u00fccken<\/span><\/li>\n<li><span class=\"listitem\">Sparkasse Sprockh\u00f6vel<\/span><\/li>\n<li><span class=\"listitem\">Sparkasse Trier<\/span><\/li>\n<li><span class=\"listitem\">Sparkasse Ulm<\/span><\/li>\n<li><span class=\"listitem\">Sparkasse UnnaKamen<\/span><\/li>\n<li><span class=\"listitem\">Sparkasse Vest Recklinghausen<\/span><\/li>\n<li><span class=\"listitem\">Sparkasse Vorderpfalz<\/span><\/li>\n<li><span class=\"listitem\">Sparkasse Westerwald-Sieg<\/span><\/li>\n<li><span class=\"listitem\">Sparkasse Witten<\/span><\/li>\n<li><span class=\"listitem\">Sparkasse zu L\u00fcbeck<\/span><\/li>\n<li><span class=\"listitem\">Sparkassenverband Saar<\/span><\/li>\n<li><span class=\"listitem\">Stadtsparkasse D\u00fcsseldorf<\/span><\/li>\n<li><span class=\"listitem\">Stadt-Sparkasse Haan (Rheinl.)<\/span><\/li>\n<li><span class=\"listitem\">Stadt-Sparkasse Langenfeld<\/span><\/li>\n<li><span class=\"listitem\">Stadtsparkasse Magdeburg<\/span><\/li>\n<li><span class=\"listitem\">Stadtsparkasse M\u00f6nchengladbach<\/span><\/li>\n<li><span class=\"listitem\">Stadtsparkasse Remscheid<\/span><\/li>\n<li><span class=\"listitem\">Stadt-Sparkasse Solingen<\/span><\/li>\n<li><span class=\"listitem\">Stadtsparkasse Wuppertal<\/span><\/li>\n<li><span class=\"listitem\">TARGOBANK<\/span><\/li>\n<li><span class=\"listitem\">Toyota Kreditbank<\/span><\/li>\n<\/ul>\n","protected":false},"excerpt":{"rendered":"<p>&#8592; Back to references &nbsp; Aachener Bausparkasse AG Barclaycard Deutsche Bausparkasse Badenia AG Deutscher Sparkassenverlag Frankfurter Sparkasse Kreissparkasse Ahrweiler Kreissparkasse Birkenfeld Kreissparkasse Heinsberg Kreissparkasse K\u00f6ln Kreissparkasse Ostalb Kreissparkasse Rhein-Hunsr\u00fcck Kreissparkasse St. Wendel Kreissparkasse Vulkaneifel Nassauische Sparkasse Niederrheinische Sparkasse RheinLippe Osts\u00e4chsische Sparkasse Dresden Royal Bank of Scotland Santander Bank Sparkasse Aachen Sparkasse am Niederrhein Sparkasse Bad [&hellip;]<\/p>\n","protected":false},"author":5,"featured_media":0,"parent":0,"menu_order":0,"comment_status":"closed","ping_status":"closed","template":"","meta":{"_acf_changed":false,"footnotes":""},"class_list":["post-6403","page","type-page","status-publish","hentry"],"acf":[],"_links":{"self":[{"href":"https:\/\/www.maix-analytics.de\/en\/wp-json\/wp\/v2\/pages\/6403","targetHints":{"allow":["GET"]}}],"collection":[{"href":"https:\/\/www.maix-analytics.de\/en\/wp-json\/wp\/v2\/pages"}],"about":[{"href":"https:\/\/www.maix-analytics.de\/en\/wp-json\/wp\/v2\/types\/page"}],"author":[{"embeddable":true,"href":"https:\/\/www.maix-analytics.de\/en\/wp-json\/wp\/v2\/users\/5"}],"replies":[{"embeddable":true,"href":"https:\/\/www.maix-analytics.de\/en\/wp-json\/wp\/v2\/comments?post=6403"}],"version-history":[{"count":1,"href":"https:\/\/www.maix-analytics.de\/en\/wp-json\/wp\/v2\/pages\/6403\/revisions"}],"predecessor-version":[{"id":6404,"href":"https:\/\/www.maix-analytics.de\/en\/wp-json\/wp\/v2\/pages\/6403\/revisions\/6404"}],"wp:attachment":[{"href":"https:\/\/www.maix-analytics.de\/en\/wp-json\/wp\/v2\/media?parent=6403"}],"curies":[{"name":"wp","href":"https:\/\/api.w.org\/{rel}","templated":true}]}}