{"id":6399,"date":"2022-12-08T11:38:00","date_gmt":"2022-12-08T10:38:00","guid":{"rendered":"http:\/\/www.maix-analytics.de\/?page_id=6399"},"modified":"2022-12-08T11:38:00","modified_gmt":"2022-12-08T10:38:00","slug":"insurances","status":"publish","type":"page","link":"https:\/\/www.maix-analytics.de\/en\/insurances\/","title":{"rendered":"Insurances"},"content":{"rendered":"<div class=\"cspt-ihbox-btn\"><a href=\"\/en\/cases\/\"><span>&#8592; Back to references<\/span><\/a><\/div>\n<p>&nbsp;<\/p>\n<ul>\n<li><span class=\"listitem\">AachenM\u00fcnchener Versicherung AG<\/span><\/li>\n<li><span class=\"listitem\">AachenM\u00fcnchener Lebensversicherung AG<\/span><\/li>\n<li><span class=\"listitem\">AdvoCard Rechtsschutzversicherung AG<\/span><\/li>\n<li><span class=\"listitem\">Central Krankenversicherung AG<\/span><\/li>\n<li><span class=\"listitem\">Deutsche Verm\u00f6gensberatung AG<\/span><\/li>\n<li><span class=\"listitem\">Generali Versicherungen AG<\/span><\/li>\n<li><span class=\"listitem\">Versicherungskammer Bayern<\/span><\/li>\n<\/ul>\n<p>&nbsp;<\/p>\n","protected":false},"excerpt":{"rendered":"<p>&#8592; Back to references &nbsp; AachenM\u00fcnchener Versicherung AG AachenM\u00fcnchener Lebensversicherung AG AdvoCard Rechtsschutzversicherung AG Central Krankenversicherung AG Deutsche Verm\u00f6gensberatung AG Generali Versicherungen AG Versicherungskammer Bayern &nbsp;<\/p>\n","protected":false},"author":5,"featured_media":0,"parent":0,"menu_order":0,"comment_status":"closed","ping_status":"closed","template":"","meta":{"_acf_changed":false,"footnotes":""},"class_list":["post-6399","page","type-page","status-publish","hentry"],"acf":[],"_links":{"self":[{"href":"https:\/\/www.maix-analytics.de\/en\/wp-json\/wp\/v2\/pages\/6399","targetHints":{"allow":["GET"]}}],"collection":[{"href":"https:\/\/www.maix-analytics.de\/en\/wp-json\/wp\/v2\/pages"}],"about":[{"href":"https:\/\/www.maix-analytics.de\/en\/wp-json\/wp\/v2\/types\/page"}],"author":[{"embeddable":true,"href":"https:\/\/www.maix-analytics.de\/en\/wp-json\/wp\/v2\/users\/5"}],"replies":[{"embeddable":true,"href":"https:\/\/www.maix-analytics.de\/en\/wp-json\/wp\/v2\/comments?post=6399"}],"version-history":[{"count":1,"href":"https:\/\/www.maix-analytics.de\/en\/wp-json\/wp\/v2\/pages\/6399\/revisions"}],"predecessor-version":[{"id":6400,"href":"https:\/\/www.maix-analytics.de\/en\/wp-json\/wp\/v2\/pages\/6399\/revisions\/6400"}],"wp:attachment":[{"href":"https:\/\/www.maix-analytics.de\/en\/wp-json\/wp\/v2\/media?parent=6399"}],"curies":[{"name":"wp","href":"https:\/\/api.w.org\/{rel}","templated":true}]}}